{"id":530,"date":"2022-11-17T11:00:21","date_gmt":"2022-11-17T11:00:21","guid":{"rendered":"https:\/\/tumador.com\/?page_id=530"},"modified":"2024-07-09T09:53:41","modified_gmt":"2024-07-09T09:53:41","slug":"presse","status":"publish","type":"page","link":"https:\/\/tumador.com\/?page_id=530","title":{"rendered":"PRESSE"},"content":{"rendered":"\n<h2 class=\"wp-block-heading\">Dossier de presse<\/h2>\n\n\n\n<div style=\"position: relative; width: 100%; height: 0; padding-top: 141.4286%;\n padding-bottom: 0; box-shadow: 0 2px 8px 0 rgba(63,69,81,0.16); margin-top: 1.6em; margin-bottom: 0.9em; overflow: hidden;\n border-radius: 8px; will-change: transform;\">\n  <iframe loading=\"lazy\" style=\"position: absolute; width: 100%; height: 100%; top: 0; left: 0; border: none; padding: 0;margin: 0;\"\n    src=\"https:&#x2F;&#x2F;www.canva.com&#x2F;design&#x2F;DAFrJcgi6gg&#x2F;view?embed\" allowfullscreen=\"allowfullscreen\" allow=\"fullscreen\">\n  <\/iframe>\n<\/div>\n<a href=\"https:&#x2F;&#x2F;www.canva.com&#x2F;design&#x2F;DAFrJcgi6gg&#x2F;view?utm_content=DAFrJcgi6gg&amp;utm_campaign=designshare&amp;utm_medium=embeds&amp;utm_source=link\" target=\"_blank\" rel=\"noopener\">EPK<\/a> par Emma Claude\n\n\n\n<h2 class=\"wp-block-heading\">Articles de Presse<\/h2>\n\n\n\n<div style=\"height:45px\" aria-hidden=\"true\" class=\"wp-block-spacer\"><\/div>\n\n\n\n<figure class=\"wp-block-image size-full is-resized\"><img loading=\"lazy\" decoding=\"async\" width=\"776\" height=\"1014\" src=\"https:\/\/tumador.com\/wp-content\/uploads\/2024\/07\/IMG_8773.jpg\" alt=\"\" class=\"wp-image-958\" style=\"width:840px;height:auto\" srcset=\"https:\/\/tumador.com\/wp-content\/uploads\/2024\/07\/IMG_8773.jpg 776w, https:\/\/tumador.com\/wp-content\/uploads\/2024\/07\/IMG_8773-230x300.jpg 230w, https:\/\/tumador.com\/wp-content\/uploads\/2024\/07\/IMG_8773-768x1004.jpg 768w\" sizes=\"auto, (max-width: 776px) 100vw, 776px\" \/><figcaption class=\"wp-element-caption\"><em>TU M&rsquo;ADOR \u00ab\u00a0LA SC\u00c8NE C&rsquo;EST NOTRE \u00c9L\u00c9MENT\u00a0\u00bb<\/em>, JUILLET\/AO\u00dbT 2025, LE VANNES MAG. (FORMAT PAPIER)<\/figcaption><\/figure>\n\n\n\n<div style=\"height:69px\" aria-hidden=\"true\" class=\"wp-block-spacer\"><\/div>\n\n\n\n<figure class=\"wp-block-image aligncenter size-full\"><img loading=\"lazy\" decoding=\"async\" width=\"661\" height=\"658\" src=\"https:\/\/tumador.com\/wp-content\/uploads\/2024\/07\/IMG_8771.jpg\" alt=\"\" class=\"wp-image-956\" srcset=\"https:\/\/tumador.com\/wp-content\/uploads\/2024\/07\/IMG_8771.jpg 661w, https:\/\/tumador.com\/wp-content\/uploads\/2024\/07\/IMG_8771-300x300.jpg 300w, https:\/\/tumador.com\/wp-content\/uploads\/2024\/07\/IMG_8771-150x150.jpg 150w\" sizes=\"auto, (max-width: 661px) 100vw, 661px\" \/><figcaption class=\"wp-element-caption\"><em>TU M&rsquo;ADOR, DEVANT PLUS DE 24 000 FANS<\/em>, 29 juin 2024, LE T\u00c9L\u00c9GRAMME. <br><a href=\"https:\/\/www.letelegramme.fr\/morbihan\/vannes-56000\/le-duo-vannetais-tu-mador-cet-ete-devant-plus-de-24-000-spectateurs-a-breal-sous-montfort-6614950.php\" target=\"_blank\" rel=\"noreferrer noopener\">LIRE L&rsquo;ARTICLE EN VERSION NUM\u00c9RIQUE<\/a><\/figcaption><\/figure>\n\n\n\n<div style=\"height:48px\" aria-hidden=\"true\" class=\"wp-block-spacer\"><\/div>\n\n\n\n<figure class=\"wp-block-image size-full\"><img loading=\"lazy\" decoding=\"async\" width=\"859\" height=\"789\" src=\"https:\/\/tumador.com\/wp-content\/uploads\/2024\/05\/Capture-decran-2024-05-13-a-11.12.38.png\" alt=\"\" class=\"wp-image-944\" srcset=\"https:\/\/tumador.com\/wp-content\/uploads\/2024\/05\/Capture-decran-2024-05-13-a-11.12.38.png 859w, https:\/\/tumador.com\/wp-content\/uploads\/2024\/05\/Capture-decran-2024-05-13-a-11.12.38-300x276.png 300w, https:\/\/tumador.com\/wp-content\/uploads\/2024\/05\/Capture-decran-2024-05-13-a-11.12.38-768x705.png 768w\" sizes=\"auto, (max-width: 859px) 100vw, 859px\" \/><figcaption class=\"wp-element-caption\"><em>CE GROUPE DE VANNES VA JOUER EN OUVERTURE DU FESTIVAL DU ROI ARTHUR,<\/em>&nbsp;30 AVRIL 2024, ACTU MORBIHAN.<br><a href=\"https:\/\/actu.fr\/bretagne\/vannes_56260\/ce-groupe-de-vannes-va-jouer-en-ouverture-du-festival-du-roi-arthur_60981909.html\" target=\"_blank\" rel=\"noreferrer noopener\">LIRE L\u2019ARTICLE COMPLET<\/a><\/figcaption><\/figure>\n\n\n\n<div style=\"height:52px\" aria-hidden=\"true\" class=\"wp-block-spacer\"><\/div>\n\n\n\n<figure class=\"wp-block-image aligncenter size-large\"><img loading=\"lazy\" decoding=\"async\" width=\"663\" height=\"1024\" src=\"https:\/\/tumador.com\/wp-content\/uploads\/2024\/04\/IMG_8259-663x1024.jpg\" alt=\"\" class=\"wp-image-830\" srcset=\"https:\/\/tumador.com\/wp-content\/uploads\/2024\/04\/IMG_8259-663x1024.jpg 663w, https:\/\/tumador.com\/wp-content\/uploads\/2024\/04\/IMG_8259-194x300.jpg 194w, https:\/\/tumador.com\/wp-content\/uploads\/2024\/04\/IMG_8259.jpg 676w\" sizes=\"auto, (max-width: 663px) 100vw, 663px\" \/><figcaption class=\"wp-element-caption\"><em>LE GROUPE VANNETAIS TU M\u2019ADOR OUVRIRA LE FESTIVAL DU ROI ARTHUR,<\/em>&nbsp;19 AVRIL 2024, LE T\u00c9L\u00c9GRAMME.<br><a href=\"https:\/\/www.letelegramme.fr\/morbihan\/vannes-56000\/le-groupe-vannetais-tu-mador-ouvrira-le-festival-du-roi-arthur-6568451.php\" target=\"_blank\" rel=\"noreferrer noopener\">LIRE L\u2019ARTICLE COMPLET<\/a><\/figcaption><\/figure>\n\n\n\n<div style=\"height:46px\" aria-hidden=\"true\" class=\"wp-block-spacer\"><\/div>\n\n\n\n<figure class=\"wp-block-image aligncenter size-large\"><img loading=\"lazy\" decoding=\"async\" width=\"685\" height=\"1024\" src=\"http:\/\/tumador.com\/wp-content\/uploads\/2024\/04\/IMG_8269-685x1024.jpg\" alt=\"\" class=\"wp-image-828\"\/><figcaption class=\"wp-element-caption\"><em>TREMPLIN V AND B : TROIS GROUPES S\u2019AFFRONTENT SUR LA SC\u00c8NE DU BAR V AND B \u00c0 VANNES,<\/em>&nbsp;10 AVRIL 2024, OUEST FRANCE.<br><a href=\"https:\/\/www.ouest-france.fr\/festivals\/tremplin-v-and-b-trois-groupes-saffronteront-sur-la-scene-du-bar-v-and-b-a-vannes-ce6f4838-f5bf-11ee-9bee-6b4d91ded6b2\" target=\"_blank\" rel=\"noreferrer noopener\">LIRE L\u2019ARTICLE COMPLET<\/a><\/figcaption><\/figure>\n\n\n\n<div style=\"height:52px\" aria-hidden=\"true\" class=\"wp-block-spacer\"><\/div>\n\n\n\n<figure class=\"wp-block-image size-full is-resized\"><img loading=\"lazy\" decoding=\"async\" width=\"608\" height=\"420\" src=\"https:\/\/tumador.com\/wp-content\/uploads\/2024\/03\/Capture-decran-2024-01-20-a-11.52.24.png\" alt=\"\" class=\"wp-image-819\" style=\"width:928px;height:auto\" srcset=\"https:\/\/tumador.com\/wp-content\/uploads\/2024\/03\/Capture-decran-2024-01-20-a-11.52.24.png 608w, https:\/\/tumador.com\/wp-content\/uploads\/2024\/03\/Capture-decran-2024-01-20-a-11.52.24-300x207.png 300w\" sizes=\"auto, (max-width: 608px) 100vw, 608px\" \/><figcaption class=\"wp-element-caption\"><em>SAISON CULTURELLE DE P\u00c9NESTIN. OUI, VOUS AVEZ BIEN LU : CULTURELLE,<\/em>&nbsp;7 JANVIER 2024, PENESTIN-INFOS.<br><a href=\"http:\/\/www.penestin-infos.fr\/\" target=\"_blank\" rel=\"noreferrer noopener\">LIRE L\u2019ARTICLE COMPLET<\/a><\/figcaption><\/figure>\n\n\n\n<div style=\"height:40px\" aria-hidden=\"true\" class=\"wp-block-spacer\"><\/div>\n\n\n\n<figure class=\"wp-block-image size-full is-resized\"><img loading=\"lazy\" decoding=\"async\" width=\"770\" height=\"853\" src=\"https:\/\/tumador.com\/wp-content\/uploads\/2023\/12\/Capture-decran-2023-12-02-a-22.21.39.jpeg\" alt=\"\" class=\"wp-image-751\" style=\"width:798px;height:auto\" srcset=\"https:\/\/tumador.com\/wp-content\/uploads\/2023\/12\/Capture-decran-2023-12-02-a-22.21.39.jpeg 770w, https:\/\/tumador.com\/wp-content\/uploads\/2023\/12\/Capture-decran-2023-12-02-a-22.21.39-271x300.jpeg 271w, https:\/\/tumador.com\/wp-content\/uploads\/2023\/12\/Capture-decran-2023-12-02-a-22.21.39-768x851.jpeg 768w\" sizes=\"auto, (max-width: 770px) 100vw, 770px\" \/><figcaption class=\"wp-element-caption\"><em>MUSIQUE : ORIGINAIRE DE VANNES, LE GROUPE TU M&rsquo;ADOR SORT UN NOUVEAU PROJET<\/em>, 18 NOVEMBRE 2023, ACTU MORBIHAN.<br><a href=\"https:\/\/actu.fr\/bretagne\/vannes_56260\/musique-originaire-de-vannes-le-groupe-tu-mador-sort-un-nouveau-projet_60317688.html\" target=\"_blank\" rel=\"noreferrer noopener\">LIRE L&rsquo;ARTICLE COMPLET<\/a><\/figcaption><\/figure>\n\n\n\n<div style=\"height:51px\" aria-hidden=\"true\" class=\"wp-block-spacer\"><\/div>\n\n\n\n<figure class=\"wp-block-image size-full\"><img loading=\"lazy\" decoding=\"async\" width=\"810\" height=\"648\" src=\"https:\/\/tumador.com\/wp-content\/uploads\/2023\/10\/IMG_6858.jpg\" alt=\"\" class=\"wp-image-708\" srcset=\"https:\/\/tumador.com\/wp-content\/uploads\/2023\/10\/IMG_6858.jpg 810w, https:\/\/tumador.com\/wp-content\/uploads\/2023\/10\/IMG_6858-300x240.jpg 300w, https:\/\/tumador.com\/wp-content\/uploads\/2023\/10\/IMG_6858-768x614.jpg 768w\" sizes=\"auto, (max-width: 810px) 100vw, 810px\" \/><figcaption class=\"wp-element-caption\"><em>UN NOUVEAU CLIP POUR LE DUO POP TU M\u2019ADOR<\/em>, 9 OCTOBRE 2023,&nbsp;&nbsp;OUEST-FRANCE. (FORMAT PAPIER ET NUM\u00c9RIQUE)<br><a href=\"https:\/\/www.ouest-france.fr\/culture\/musiques\/vannes-un-nouveau-clip-pour-le-duo-pop-tu-mador-6c3b9be8-5e17-11ee-82ef-2aa3c38fdb86?fbclid=IwAR3rI1oOGWjBEzoS3I46PNYiwSPGTdejpDsBpuJeT7SCPR_G2mAIsIZ-y-k\" target=\"_blank\" rel=\"noreferrer noopener\">LIRE L\u2019ARTICLE EN VERSION NUM\u00c9RIQUE<\/a><\/figcaption><\/figure>\n\n\n\n<div style=\"height:36px\" aria-hidden=\"true\" class=\"wp-block-spacer\"><\/div>\n\n\n\n<div style=\"height:61px\" aria-hidden=\"true\" class=\"wp-block-spacer\"><\/div>\n\n\n\n<figure class=\"wp-block-image aligncenter size-full is-resized\"><img loading=\"lazy\" decoding=\"async\" width=\"876\" height=\"707\" src=\"https:\/\/tumador.com\/wp-content\/uploads\/2023\/12\/Capture-decran-2023-12-02-a-22.25.37.png\" alt=\"\" class=\"wp-image-753\" style=\"width:840px;height:auto\" srcset=\"https:\/\/tumador.com\/wp-content\/uploads\/2023\/12\/Capture-decran-2023-12-02-a-22.25.37.png 876w, https:\/\/tumador.com\/wp-content\/uploads\/2023\/12\/Capture-decran-2023-12-02-a-22.25.37-300x242.png 300w, https:\/\/tumador.com\/wp-content\/uploads\/2023\/12\/Capture-decran-2023-12-02-a-22.25.37-768x620.png 768w\" sizes=\"auto, (max-width: 876px) 100vw, 876px\" \/><figcaption class=\"wp-element-caption\"><em>UNE PROGRAMMATION \u00c9CLECTIQUE TR\u00c8S APPR\u00c9CI\u00c9E LORS DE LA F\u00caTE DE LA MUSIQUE DE PLOUHARNEL<\/em>, 25 JUIN 2023, LE T\u00c9L\u00c9GRAMME.<br><a href=\"https:\/\/www.letelegramme.fr\/morbihan\/plouharnel-56340\/une-programmation-eclectique-tres-appreciee-lors-de-la-fete-de-musique-de-plouharnel-6380108.php\" target=\"_blank\" rel=\"noreferrer noopener\">LIRE L&rsquo;ARTICLE COMPLET<\/a><\/figcaption><\/figure>\n\n\n\n<div style=\"height:49px\" aria-hidden=\"true\" class=\"wp-block-spacer\"><\/div>\n\n\n\n<figure class=\"wp-block-image aligncenter size-large\"><img loading=\"lazy\" decoding=\"async\" width=\"1024\" height=\"640\" src=\"https:\/\/tumador.com\/wp-content\/uploads\/2023\/10\/Capture-decran-2023-08-11-a-11.51.20-1024x640.png\" alt=\"\" class=\"wp-image-707\" srcset=\"https:\/\/tumador.com\/wp-content\/uploads\/2023\/10\/Capture-decran-2023-08-11-a-11.51.20-1024x640.png 1024w, https:\/\/tumador.com\/wp-content\/uploads\/2023\/10\/Capture-decran-2023-08-11-a-11.51.20-300x188.png 300w, https:\/\/tumador.com\/wp-content\/uploads\/2023\/10\/Capture-decran-2023-08-11-a-11.51.20-768x480.png 768w, https:\/\/tumador.com\/wp-content\/uploads\/2023\/10\/Capture-decran-2023-08-11-a-11.51.20.png 1440w\" sizes=\"auto, (max-width: 1024px) 100vw, 1024px\" \/><figcaption class=\"wp-element-caption\"><em>F\u00caTE DE LA MUSIQUE : TOUS LES GENRES POUR TOUS LES GO\u00dbTS AU MENU DES COMMUNES BRETONNES CETTE ANN\u00c9E<\/em>, 20 JUIN 2023, RCF SUD BRETAGNE.<br><a href=\"https:\/\/www.rcf.fr\/articles\/culture\/fete-de-la-musique-tous-les-genres-pour-tous-les-gouts-au-menu-des-communes\" target=\"_blank\" rel=\"noreferrer noopener\">LIRE L&rsquo;ARTICLE COMPLET<\/a><\/figcaption><\/figure>\n\n\n\n<div style=\"height:61px\" aria-hidden=\"true\" class=\"wp-block-spacer\"><\/div>\n\n\n\n<figure class=\"wp-block-image aligncenter size-large\"><img loading=\"lazy\" decoding=\"async\" width=\"1024\" height=\"640\" src=\"https:\/\/tumador.com\/wp-content\/uploads\/2023\/10\/Capture-decran-2023-08-11-a-11.50.12-1024x640.png\" alt=\"\" class=\"wp-image-706\" srcset=\"https:\/\/tumador.com\/wp-content\/uploads\/2023\/10\/Capture-decran-2023-08-11-a-11.50.12-1024x640.png 1024w, https:\/\/tumador.com\/wp-content\/uploads\/2023\/10\/Capture-decran-2023-08-11-a-11.50.12-300x188.png 300w, https:\/\/tumador.com\/wp-content\/uploads\/2023\/10\/Capture-decran-2023-08-11-a-11.50.12-768x480.png 768w, https:\/\/tumador.com\/wp-content\/uploads\/2023\/10\/Capture-decran-2023-08-11-a-11.50.12.png 1440w\" sizes=\"auto, (max-width: 1024px) 100vw, 1024px\" \/><figcaption class=\"wp-element-caption\"><em>AVEC ECHOPARK, L\u2019ECHONOVA S\u2019AVENTURE EN PLEIN AIR DANS LE PAYS DE VANNES<\/em>, 29 AVRIL 2023, LE T\u00c9L\u00c9GRAMME.<br><a href=\"https:\/\/www.letelegramme.fr\/morbihan\/vannes-56000\/avec-echopark-l-echonova-s-aventure-en-plein-air-dans-le-pays-de-vannes-4098312.php\" target=\"_blank\" rel=\"noreferrer noopener\">LIRE L&rsquo;ARTICLE COMPLET<\/a><\/figcaption><\/figure>\n\n\n\n<div style=\"height:61px\" aria-hidden=\"true\" class=\"wp-block-spacer\"><\/div>\n\n\n\n<figure class=\"wp-block-image aligncenter size-full\"><img loading=\"lazy\" decoding=\"async\" width=\"894\" height=\"1000\" src=\"https:\/\/tumador.com\/wp-content\/uploads\/2022\/11\/A207326D-2D62-4CEB-AA69-70938F2D9313.jpeg\" alt=\"\" class=\"wp-image-556\" srcset=\"https:\/\/tumador.com\/wp-content\/uploads\/2022\/11\/A207326D-2D62-4CEB-AA69-70938F2D9313.jpeg 894w, https:\/\/tumador.com\/wp-content\/uploads\/2022\/11\/A207326D-2D62-4CEB-AA69-70938F2D9313-268x300.jpeg 268w, https:\/\/tumador.com\/wp-content\/uploads\/2022\/11\/A207326D-2D62-4CEB-AA69-70938F2D9313-768x859.jpeg 768w\" sizes=\"auto, (max-width: 894px) 100vw, 894px\" \/><figcaption class=\"wp-element-caption\">LE DUO POP-ROCK TU M&rsquo;ADOR AU PIANO BARGE CE SOIR, 18 NOVEMBRE 2022, OUEST-FRANCE. (FORMAT PAPIER)<\/figcaption><\/figure>\n\n\n\n<div style=\"height:61px\" aria-hidden=\"true\" class=\"wp-block-spacer\"><\/div>\n\n\n\n<div style=\"height:20px\" aria-hidden=\"true\" class=\"wp-block-spacer\"><\/div>\n\n\n\n<figure class=\"wp-block-image aligncenter size-full\"><img loading=\"lazy\" decoding=\"async\" width=\"830\" height=\"894\" src=\"https:\/\/tumador.com\/wp-content\/uploads\/2022\/11\/5843C4EB-7094-4945-B129-458EFC57C08C.png\" alt=\"\" class=\"wp-image-532\" srcset=\"https:\/\/tumador.com\/wp-content\/uploads\/2022\/11\/5843C4EB-7094-4945-B129-458EFC57C08C.png 830w, https:\/\/tumador.com\/wp-content\/uploads\/2022\/11\/5843C4EB-7094-4945-B129-458EFC57C08C-279x300.png 279w, https:\/\/tumador.com\/wp-content\/uploads\/2022\/11\/5843C4EB-7094-4945-B129-458EFC57C08C-768x827.png 768w\" sizes=\"auto, (max-width: 830px) 100vw, 830px\" \/><figcaption class=\"wp-element-caption\"><em>VANNES : AVEC LEUR GROUPE TU M\u2019ADOR, EMMA ET PAUL SILLONNENT LE D\u00c9PARTEMENT POUR DES CONCERTS<\/em>, 6 SEPTEMBRE 2022, ACTU MORBIHAN.<br><a href=\"https:\/\/actu.fr\/bretagne\/vannes_56260\/vannes-avec-leur-groupe-tu-mador-emma-et-paul-sillonnent-le-departement-pour-des-concerts_53579353.html?fbclid=IwAR3k1JMklAAPNf15FrbRNVjHmjJ53x7oB0dYT7PREBpqBhRnAJQygiYUZb0\" target=\"_blank\" rel=\"noreferrer noopener\">LIRE L&rsquo;ARTICLE COMPLET<\/a><\/figcaption><\/figure>\n\n\n\n<div style=\"height:61px\" aria-hidden=\"true\" class=\"wp-block-spacer\"><\/div>\n\n\n\n<figure class=\"wp-block-image alignleft size-full is-resized\"><img loading=\"lazy\" decoding=\"async\" width=\"467\" height=\"787\" src=\"https:\/\/tumador.com\/wp-content\/uploads\/2022\/11\/E08B2790-A8F7-4DD4-B21A-97A3CCAE1A0C.jpg\" alt=\"\" class=\"wp-image-531\" style=\"width:533px;height:auto\" srcset=\"https:\/\/tumador.com\/wp-content\/uploads\/2022\/11\/E08B2790-A8F7-4DD4-B21A-97A3CCAE1A0C.jpg 467w, https:\/\/tumador.com\/wp-content\/uploads\/2022\/11\/E08B2790-A8F7-4DD4-B21A-97A3CCAE1A0C-178x300.jpg 178w\" sizes=\"auto, (max-width: 467px) 100vw, 467px\" \/><figcaption class=\"wp-element-caption\"><em>TU M\u2019ADOR, LE DUO POP ROCK PR\u00c9PARE SA RENTR\u00c9E<\/em>, 17 AO\u00dbT 2022, LE T\u00c9L\u00c9GRAMME. (FORMAT PAPIER)<\/figcaption><\/figure>\n\n\n\n<div style=\"height:45px\" aria-hidden=\"true\" class=\"wp-block-spacer\"><\/div>\n","protected":false},"excerpt":{"rendered":"<p>Dossier de presse EPK par Emma Claude Articles de Presse<\/p>\n","protected":false},"author":1,"featured_media":679,"parent":0,"menu_order":0,"comment_status":"closed","ping_status":"closed","template":"","meta":{"om_disable_all_campaigns":false,"_monsterinsights_skip_tracking":false,"_monsterinsights_sitenote_active":false,"_monsterinsights_sitenote_note":"","_monsterinsights_sitenote_category":0,"footnotes":""},"class_list":["post-530","page","type-page","status-publish","has-post-thumbnail","hentry"],"_links":{"self":[{"href":"https:\/\/tumador.com\/index.php?rest_route=\/wp\/v2\/pages\/530","targetHints":{"allow":["GET"]}}],"collection":[{"href":"https:\/\/tumador.com\/index.php?rest_route=\/wp\/v2\/pages"}],"about":[{"href":"https:\/\/tumador.com\/index.php?rest_route=\/wp\/v2\/types\/page"}],"author":[{"embeddable":true,"href":"https:\/\/tumador.com\/index.php?rest_route=\/wp\/v2\/users\/1"}],"replies":[{"embeddable":true,"href":"https:\/\/tumador.com\/index.php?rest_route=%2Fwp%2Fv2%2Fcomments&post=530"}],"version-history":[{"count":43,"href":"https:\/\/tumador.com\/index.php?rest_route=\/wp\/v2\/pages\/530\/revisions"}],"predecessor-version":[{"id":963,"href":"https:\/\/tumador.com\/index.php?rest_route=\/wp\/v2\/pages\/530\/revisions\/963"}],"wp:featuredmedia":[{"embeddable":true,"href":"https:\/\/tumador.com\/index.php?rest_route=\/wp\/v2\/media\/679"}],"wp:attachment":[{"href":"https:\/\/tumador.com\/index.php?rest_route=%2Fwp%2Fv2%2Fmedia&parent=530"}],"curies":[{"name":"wp","href":"https:\/\/api.w.org\/{rel}","templated":true}]}}